{"id":201,"date":"2014-07-31T22:41:15","date_gmt":"2014-07-31T21:41:15","guid":{"rendered":"http:\/\/lafabriquedocumentaire.fr\/?page_id=201"},"modified":"2023-10-01T09:20:02","modified_gmt":"2023-10-01T08:20:02","slug":"interventions","status":"publish","type":"page","link":"https:\/\/lafabriquedocumentaire.fr\/?page_id=201","title":{"rendered":"Interventions"},"content":{"rendered":"<p>Les interventions, c\u2019est tout ce que la fabrique documentaire fait pour le faire, le plus souvent sans contrepartie mon\u00e9taire : parce que c&rsquo;est utile, parce que \u00e7a a du sens, parce que c&rsquo;est comme \u00e7a&#8230;<\/p>\n","protected":false},"excerpt":{"rendered":"<p>Les interventions, c\u2019est tout ce que la fabrique documentaire fait pour le faire, le plus souvent sans contrepartie mon\u00e9taire : parce que c&rsquo;est utile, parce que \u00e7a a du sens, parce que c&rsquo;est comme \u00e7a&#8230;<\/p>\n","protected":false},"author":2,"featured_media":0,"parent":0,"menu_order":0,"comment_status":"closed","ping_status":"closed","template":"interventions.php","meta":{"footnotes":""},"class_list":["post-201","page","type-page","status-publish","hentry"],"_links":{"self":[{"href":"https:\/\/lafabriquedocumentaire.fr\/index.php?rest_route=\/wp\/v2\/pages\/201","targetHints":{"allow":["GET"]}}],"collection":[{"href":"https:\/\/lafabriquedocumentaire.fr\/index.php?rest_route=\/wp\/v2\/pages"}],"about":[{"href":"https:\/\/lafabriquedocumentaire.fr\/index.php?rest_route=\/wp\/v2\/types\/page"}],"author":[{"embeddable":true,"href":"https:\/\/lafabriquedocumentaire.fr\/index.php?rest_route=\/wp\/v2\/users\/2"}],"replies":[{"embeddable":true,"href":"https:\/\/lafabriquedocumentaire.fr\/index.php?rest_route=%2Fwp%2Fv2%2Fcomments&post=201"}],"version-history":[{"count":0,"href":"https:\/\/lafabriquedocumentaire.fr\/index.php?rest_route=\/wp\/v2\/pages\/201\/revisions"}],"wp:attachment":[{"href":"https:\/\/lafabriquedocumentaire.fr\/index.php?rest_route=%2Fwp%2Fv2%2Fmedia&parent=201"}],"curies":[{"name":"wp","href":"https:\/\/api.w.org\/{rel}","templated":true}]}}